{"id":2,"date":"2024-03-18T09:55:21","date_gmt":"2024-03-18T08:55:21","guid":{"rendered":"http:\/\/pracowniakta.pl\/?page_id=2"},"modified":"2024-04-12T14:28:02","modified_gmt":"2024-04-12T12:28:02","slug":"przykladowa-strona","status":"publish","type":"page","link":"https:\/\/pracowniakta.pl\/","title":{"rendered":"Tu znajdziecie nasz\u0105 stron\u0119 g\u0142\u00f3wn\u0105 :)"},"content":{"rendered":"\n<p class=\"has-text-align-center\">Cze\u015b\u0107!<\/p>\n\n\n\n<p class=\"has-text-align-center\">Witajcie w naszej pracowni! Tutaj zapewniamy fajn\u0105 przestrze\u0144 dla doros\u0142ych os\u00f3b z autyzmem.        Ka\u017cdy tu znajdzie co\u015b dla siebie, atmosfera jest chillowa, pe\u0142na wsparcia i zrozumienia. Chcemy Wam pokaza\u0107, \u017ce czujemy si\u0119 tu bezpiecznie, mo\u017cemy si\u0119 rozwija\u0107, odkrywa\u0107 nowe rzeczy i budowa\u0107 relacje z innymi \ud83d\ude42<\/p>\n\n\n\n<p class=\"has-text-align-center\">W pracowni stawiamy na indywidualne podej\u015bcie do ka\u017cdej osoby. Dzi\u0119ki temu mo\u017cemy dostosowa\u0107 nasze zaj\u0119cia do potrzeb i mo\u017cliwo\u015bci ka\u017cdego uczestnika. <strong>\u015awiadomie tworzymy atmosfer\u0119 otwarto\u015bci    i akceptacji, zach\u0119caj\u0105c do wyra\u017cania siebie i rozwijania w\u0142asnych pasji.<\/strong><\/p>\n\n\n\n<p class=\"has-text-align-center\">W naszej pracowni dbamy o og\u00f3lny rozw\u00f3j, uwzgl\u0119dniaj\u0105c r\u00f3\u017cne aspekty \u017cycia. Oferujemy bogaty program zaj\u0119\u0107, kt\u00f3ry obejmuje aktywno\u015bci artystyczne i kreatywne. Dzi\u0119ki temu mamy mo\u017cliwo\u015b\u0107 rozwijania si\u0119 w wielu dziedzinach, co przek\u0142ada si\u0119 na zwi\u0119kszon\u0105 samodzielno\u015b\u0107 i satysfakcj\u0119 z codziennego \u017cycia.<\/p>\n\n\n\n<p class=\"has-text-align-center\">Zajrzyjcie tutaj i zobaczcie <a href=\"http:\/\/pracowniakta.szczecin.pl\/?cat=11\">co u nas \ud83d\ude42<\/a><\/p>\n","protected":false},"excerpt":{"rendered":"<p>Cze\u015b\u0107! Witajcie w naszej pracowni! Tutaj zapewniamy fajn\u0105 przestrze\u0144 dla doros\u0142ych os\u00f3b z autyzmem. Ka\u017cdy tu znajdzie co\u015b dla siebie, atmosfera jest chillowa, pe\u0142na wsparcia i zrozumienia. Chcemy Wam pokaza\u0107, \u017ce czujemy si\u0119 tu bezpiecznie, mo\u017cemy si\u0119 rozwija\u0107, odkrywa\u0107 nowe rzeczy i budowa\u0107 relacje z innymi \ud83d\ude42 W pracowni stawiamy [&hellip;]<\/p>\n","protected":false},"author":1,"featured_media":0,"parent":0,"menu_order":0,"comment_status":"closed","ping_status":"open","template":"","meta":{"footnotes":""},"class_list":["post-2","page","type-page","status-publish","hentry"],"_links":{"self":[{"href":"https:\/\/pracowniakta.pl\/index.php?rest_route=\/wp\/v2\/pages\/2","targetHints":{"allow":["GET"]}}],"collection":[{"href":"https:\/\/pracowniakta.pl\/index.php?rest_route=\/wp\/v2\/pages"}],"about":[{"href":"https:\/\/pracowniakta.pl\/index.php?rest_route=\/wp\/v2\/types\/page"}],"author":[{"embeddable":true,"href":"https:\/\/pracowniakta.pl\/index.php?rest_route=\/wp\/v2\/users\/1"}],"replies":[{"embeddable":true,"href":"https:\/\/pracowniakta.pl\/index.php?rest_route=%2Fwp%2Fv2%2Fcomments&post=2"}],"version-history":[{"count":8,"href":"https:\/\/pracowniakta.pl\/index.php?rest_route=\/wp\/v2\/pages\/2\/revisions"}],"predecessor-version":[{"id":424,"href":"https:\/\/pracowniakta.pl\/index.php?rest_route=\/wp\/v2\/pages\/2\/revisions\/424"}],"wp:attachment":[{"href":"https:\/\/pracowniakta.pl\/index.php?rest_route=%2Fwp%2Fv2%2Fmedia&parent=2"}],"curies":[{"name":"wp","href":"https:\/\/api.w.org\/{rel}","templated":true}]}}